{"id":3,"date":"2022-10-20T11:20:26","date_gmt":"2022-10-20T11:20:26","guid":{"rendered":"https:\/\/weldingfs.com\/?page_id=3"},"modified":"2024-11-12T12:08:58","modified_gmt":"2024-11-12T12:08:58","slug":"politica-de-privacidade","status":"publish","type":"page","link":"https:\/\/weldingfs.com\/en\/politica-de-privacidade\/","title":{"rendered":"Pol\u00edtica de Privacidade"},"content":{"rendered":"<h1 class=\"wp-block-heading\">Pol\u00edtica de Privacidade<\/h1>\n\n\n\n<p>Welding Factory &amp; School<\/p>\n\n\n\n<h2 class=\"wp-block-heading\">Protec\u00e7\u00e3o de dados<\/h2>\n\n\n\n<p>A\u00a0Welding FS\u00a0respeita a legisla\u00e7\u00e3o em vigor sobre a seguran\u00e7a dos dados pessoais dos Clientes.<\/p>\n\n\n\n<p>Todos os dados cedidos \u00e0\u00a0Welding FS\u00a0pelos clientes ser\u00e3o mantidos em sigilo. Em cumprimento do disposto da lei de prote\u00e7\u00e3o de dados pessoais, o Utilizador poder\u00e1, a qualquer momento, exercer o direito de acesso, retifica\u00e7\u00e3o da informa\u00e7\u00e3o, cancelamento e comunica\u00e7\u00e3o dos seus dados atrav\u00e9s do email geral@weldingfs.pt.<\/p>\n\n\n\n<p>O Cliente autoriza a\u00a0Welding FS\u00a0a tratar de forma automatizada os dados pessoais facultados na ordem de encomenda, em particular, para os fins necess\u00e1rios \u00e0 cria\u00e7\u00e3o do contrato, para gest\u00e3o, registo e execu\u00e7\u00e3o das encomendas. Estas informa\u00e7\u00f5es podem ainda ser acedidas por prestadores de servi\u00e7os e fornecedores da\u00a0Welding FS\u00a0designadamente, pelas empresas de contabilidade, fiscalidade e de auditoria \u2013 sendo que, qualquer um dos subcontratados, apenas t\u00eam acesso ao estritamente necess\u00e1rio no \u00e2mbito da sua interven\u00e7\u00e3o.<\/p>\n\n\n\n<p>Os dados que nos sejam cedidos por clientes s\u00e3o utilizados \u00fanica e exclusivamente para contactos realizados pela\u00a0Welding FS, n\u00e3o sendo estes contactados por qualquer entidade terceira nomeadamente por subcontratadas da Welding FS.<\/p>\n\n\n\n<h2 class=\"wp-block-heading\">Newsletters<\/h2>\n\n\n\n<p>Ocasionalmente remetemos informa\u00e7\u00e3o a todos os nossos clientes com o intuito de dar a conhecer situa\u00e7\u00f5es relevantes, sejam elas alertas de seguran\u00e7a, promo\u00e7\u00f5es, novidades ou outras dentro do \u00e2mbito do nosso servi\u00e7o. Todos os clientes podem contactar-nos por forma a deixarem de receber estas informa\u00e7\u00f5es.<\/p>\n\n\n\n<h2 class=\"wp-block-heading\">Cookies<\/h2>\n\n\n\n<p><strong>O que s\u00e3o Cookies?<\/strong><\/p>\n\n\n\n<p>Cookie \u00e9 um pequeno arquivo que \u00e9 colocado no computador de quem nos visita atrav\u00e9s das nossas plataformas online e, serve para identificar o computador em quest\u00e3o. Esses arquivos n\u00e3o cont\u00eam nenhuma informa\u00e7\u00e3o pessoal e s\u00e3o utilizados exclusivamente por raz\u00f5es de seguran\u00e7a e para fins estat\u00edsticos. No entanto, caso opte por n\u00e3o activar os cookies no website pode resultar na incapacidade de aceder a algumas \u00e1reas do site ou de receber informa\u00e7\u00e3o personalizada.<\/p>\n\n\n\n<p><strong>Que Cookies utilizamos?<\/strong><\/p>\n\n\n\n<p>Cookies de personaliza\u00e7\u00e3o: S\u00e3o cookies de sess\u00e3o, identifica\u00e7\u00e3o, configura\u00e7\u00e3o e registo, estritamente necess\u00e1rio para identificar e fornecer os servi\u00e7os solicitados. A informa\u00e7\u00e3o obtida atrav\u00e9s deles \u00e9 tratado apenas pela\u00a0Welding FS<\/p>\n\n\n\n<p>Cookies de estat\u00edsticas: Aqueles que s\u00e3o bem tratados por n\u00f3s ou por terceiros (Google Analytics), permite-nos gr\u00e1ficamente, quantificar o n\u00famero de utilizadores e realizar an\u00e1lise estat\u00edstica do uso e servi\u00e7o oferecido. Permite melhorar o fornecimento de produtos ou servi\u00e7os oferecidos.<\/p>\n\n\n\n<p><strong>Como desativar uma Cookie?<\/strong><\/p>\n\n\n\n<p>A maioria dos navegadores, mostra como configurar o navegador (browser) de forma a poder permitir ou n\u00e3o o uso de Cookies. Para controlar o uso de Cookies, configure atrav\u00e9s do navegador (browser).<\/p>\n\n\n\n<p>Como configurar Cookies nos seguintes navegadores?<\/p>\n\n\n\n<p>Chrome:&nbsp;<a href=\"https:\/\/support.google.com\/chrome\/answer\/95647?hl=pt\" target=\"_blank\" rel=\"noreferrer noopener\">https:\/\/support.google.com\/chrome\/answer\/95647?hl=pt<\/a><\/p>\n\n\n\n<p>Firefox:&nbsp;<a href=\"https:\/\/support.mozilla.org\/pt-PT\/kb\/cookies-informacoes-que-os-websites-armazenam-no-s\">https:\/\/support.mozilla.org\/pt-PT\/kb\/cookies-informacoes-que-os-websites-armazenam-no-s<\/a><\/p>\n\n\n\n<p>Explorer:&nbsp;<a href=\"https:\/\/support.microsoft.com\/pt-pt\/help\/17442\/windows-internet-explorer-delete-manage-cookies\">https:\/\/support.microsoft.com\/pt-pt\/help\/17442\/windows-internet-explorer-delete-manage-cookies<\/a><\/p>\n\n\n\n<p>Safari:&nbsp;<a href=\"https:\/\/support.apple.com\/kb\/ph21411?locale=pt_PT\">https:\/\/support.apple.com\/kb\/ph21411?locale=pt_PT<\/a><\/p>\n\n\n\n<h2 class=\"wp-block-heading\">Liga\u00e7\u00f5es a websites de terceiros<\/h2>\n\n\n\n<p>A\u00a0Welding FS\u00a0possui liga\u00e7\u00f5es para outros websites, os quais, a nosso ver, podem conter informa\u00e7\u00f5es \/ ferramentas \u00fateis para os nossos visitantes. A nossa pol\u00edtica de privacidade n\u00e3o \u00e9 aplicada a websites de terceiros, pelo que, caso visite outro website a partir do nosso dever\u00e1 ler a politica de privacidade do mesmo.<\/p>\n\n\n\n<p>N\u00e3o nos responsabilizamos pela pol\u00edtica de privacidade ou conte\u00fado presente nesses mesmos websites.<\/p>\n\n\n\n<h2 class=\"wp-block-heading\">Resolu\u00e7\u00e3o Alternativa de Conflitos de Consumo<\/h2>\n\n\n\n<p>Em caso de lit\u00edgio o consumidor pode recorrer a uma Entidade Alternativa de Lit\u00edgios de Consumo:<\/p>\n\n\n\n<ul class=\"wp-block-list\">\n<li><strong>CNIACC \u2013 Centro Nacional de Informa\u00e7\u00e3o e Arbitragem de Conflitos de Consumo<\/strong><\/li>\n<\/ul>\n\n\n\n<p>Rua D. Afonso Henriques, 1, 4700-030 Braga<br>Tel.: 253 619 107 \u2013 das 09.00h \u00e0s 16.00h<br>E-mail:&nbsp;<a href=\"mailto:geral@cniacc.pt\" target=\"_blank\" rel=\"noreferrer noopener\">geral@cniacc.pt<\/a>&nbsp;\/ web:&nbsp;<a href=\"https:\/\/www.cniacc.pt\/\" target=\"_blank\" rel=\"noreferrer noopener\">https:\/\/www.cniacc.pt<\/a><\/p>\n\n\n\n<p>Mais informa\u00e7\u00f5es no Portal do Consumidor em&nbsp;<a href=\"http:\/\/www.consumidor.pt\/\" target=\"_blank\" rel=\"noreferrer noopener\">www.consumidor.pt<\/a><br>Lei n\u00ba 144\/2015 de 8 de setembro<\/p>","protected":false},"excerpt":{"rendered":"<p>Pol\u00edtica de Privacidade Welding Factory &amp; School Protec\u00e7\u00e3o de dados A\u00a0Welding FS\u00a0respeita a legisla\u00e7\u00e3o em vigor sobre a seguran\u00e7a dos dados pessoais dos Clientes. Todos os dados cedidos \u00e0\u00a0Welding FS\u00a0pelos clientes ser\u00e3o mantidos em sigilo. Em cumprimento do disposto da lei de prote\u00e7\u00e3o de dados pessoais, o Utilizador poder\u00e1, a qualquer momento, exercer o direito [&hellip;]<\/p>","protected":false},"author":2,"featured_media":0,"parent":0,"menu_order":0,"comment_status":"closed","ping_status":"closed","template":"","meta":{"footnotes":""},"class_list":["post-3","page","type-page","status-publish","hentry"],"blocksy_meta":[],"_links":{"self":[{"href":"https:\/\/weldingfs.com\/en\/wp-json\/wp\/v2\/pages\/3","targetHints":{"allow":["GET"]}}],"collection":[{"href":"https:\/\/weldingfs.com\/en\/wp-json\/wp\/v2\/pages"}],"about":[{"href":"https:\/\/weldingfs.com\/en\/wp-json\/wp\/v2\/types\/page"}],"author":[{"embeddable":true,"href":"https:\/\/weldingfs.com\/en\/wp-json\/wp\/v2\/users\/2"}],"replies":[{"embeddable":true,"href":"https:\/\/weldingfs.com\/en\/wp-json\/wp\/v2\/comments?post=3"}],"version-history":[{"count":3,"href":"https:\/\/weldingfs.com\/en\/wp-json\/wp\/v2\/pages\/3\/revisions"}],"predecessor-version":[{"id":1565,"href":"https:\/\/weldingfs.com\/en\/wp-json\/wp\/v2\/pages\/3\/revisions\/1565"}],"wp:attachment":[{"href":"https:\/\/weldingfs.com\/en\/wp-json\/wp\/v2\/media?parent=3"}],"curies":[{"name":"wp","href":"https:\/\/api.w.org\/{rel}","templated":true}]}}